{"id":102,"date":"2017-06-02T06:42:18","date_gmt":"2017-06-02T05:42:18","guid":{"rendered":"http:\/\/ekipage-1.se\/wp\/?page_id=102"},"modified":"2017-09-25T19:57:40","modified_gmt":"2017-09-25T18:57:40","slug":"arbete-vid-hand","status":"publish","type":"page","link":"https:\/\/ekipage-1.se\/wp\/klassisk-skolning\/arbete-vid-hand\/","title":{"rendered":"Arbete fr\u00e5n marken"},"content":{"rendered":"<p><img data-recalc-dims=\"1\" loading=\"lazy\" decoding=\"async\" class=\"aligncenter wp-image-470 size-full\" src=\"https:\/\/i0.wp.com\/ekipage-1.se\/wp\/wp-content\/uploads\/2017\/09\/marken_serie.jpg?resize=840%2C219\" alt=\"\" width=\"840\" height=\"219\" srcset=\"https:\/\/i0.wp.com\/ekipage-1.se\/wp\/wp-content\/uploads\/2017\/09\/marken_serie.jpg?w=911&amp;ssl=1 911w, https:\/\/i0.wp.com\/ekipage-1.se\/wp\/wp-content\/uploads\/2017\/09\/marken_serie.jpg?resize=300%2C78&amp;ssl=1 300w, https:\/\/i0.wp.com\/ekipage-1.se\/wp\/wp-content\/uploads\/2017\/09\/marken_serie.jpg?resize=768%2C200&amp;ssl=1 768w\" sizes=\"auto, (max-width: 709px) 85vw, (max-width: 909px) 67vw, (max-width: 1362px) 62vw, 840px\" \/><\/p>\n<p>&nbsp;<\/p>\n<p>Med arbete fr\u00e5n marken menar jag h\u00e4r longering och arbete vid hand.<\/p>\n<h5>Longering<\/h5>\n<p>V\u00e4l utf\u00f6rd longering \u00e4r s\u00e5 mycket mer \u00e4n att l\u00e5ta din h\u00e4st rasta av sig. Vid god longering st\u00e4rker du din h\u00e4sts f\u00f6rtroende f\u00f6r dig, \u00f6kar lydnad till s\u00e5v\u00e4l din r\u00f6st som kroppsspr\u00e5k, energi och blickens placering. F\u00f6r att g\u00f6ra longeringen st\u00e4rkande ist\u00e4llet f\u00f6r nedbrytande v\u00e4xla mellan raka och b\u00f6jda sp\u00e5r, stora och sm\u00e5 volter.<\/p>\n<p style=\"padding-left: 30px;\">Longering anv\u00e4nder du f\u00f6r att:<br \/>\n* f\u00f6rbereda den unga h\u00e4sten f\u00f6r ridning<br \/>\n* som alternativ till ridning<br \/>\n* ett verktyg f\u00f6r att tr\u00e4na kommunikation<br \/>\n* f\u00f6rb\u00e4ttra den laterala balansen hos din h\u00e4st<br \/>\n* konditionstr\u00e4ning<br \/>\n* f\u00f6r att se hur din h\u00e4st r\u00f6r sig<\/p>\n<h5>Arbete vid hand<\/h5>\n<p>Arbete kan se v\u00e4ldigt l\u00e4tt ut men kr\u00e4ver koordination, god kroppsuppfattning och medveten n\u00e4rvaro av b\u00e5de m\u00e4nniska och h\u00e4st. F\u00f6r h\u00e4stens inl\u00e4rning och utbildning \u00e4r det till stor f\u00f6rdel att vara p\u00e5 marken s\u00e5 att du kan se hur h\u00e4stens r\u00f6r sig. Arbete vid hand \u00f6var ocks\u00e5 upp din k\u00e4nslighet och finhet i hj\u00e4lperna, framf\u00f6rallt handen. Vid arbete vid han kan du tr\u00e4na p\u00e5 horisontell balans (korta och l\u00e4nga skritten, \u00f6verg\u00e5ngar mellan skritt och trav, halt och rygga) och lateral balans (volter ut\u00e5t- och in\u00e5tst\u00e4lld) samt l\u00f6sg\u00f6ra och samla (sidv\u00e4rtsr\u00f6relser p\u00e5 raka och b\u00f6jda sp\u00e5r).<\/p>\n<p style=\"padding-left: 30px;\">Arbete vid hand kan g\u00f6ra som uppv\u00e4rmning eller som komplement till ridning:<br \/>\n&#8211; vid rehabilitering<br \/>\n&#8211; om du inte hinner rida<br \/>\n&#8211; f\u00f6r att l\u00e4ra din h\u00e4st nya \u00f6vningar<br \/>\n&#8211; f\u00f6r att introducera bettets inverkan till den unga h\u00e4sten<\/p>\n<p>&nbsp;<\/p>\n<p>&nbsp;<\/p>\n","protected":false},"excerpt":{"rendered":"<p>&nbsp; Med arbete fr\u00e5n marken menar jag h\u00e4r longering och arbete vid hand. Longering V\u00e4l utf\u00f6rd longering \u00e4r s\u00e5 mycket mer \u00e4n att l\u00e5ta din h\u00e4st rasta av sig. Vid god longering st\u00e4rker du din h\u00e4sts f\u00f6rtroende f\u00f6r dig, \u00f6kar lydnad till s\u00e5v\u00e4l din r\u00f6st som kroppsspr\u00e5k, energi och blickens placering. F\u00f6r att g\u00f6ra longeringen &hellip; <a href=\"https:\/\/ekipage-1.se\/wp\/klassisk-skolning\/arbete-vid-hand\/\" class=\"more-link\">Forts\u00e4tt l\u00e4sa<span class=\"screen-reader-text\"> \u201dArbete fr\u00e5n marken\u201d<\/span><\/a><\/p>\n","protected":false},"author":1,"featured_media":0,"parent":69,"menu_order":0,"comment_status":"closed","ping_status":"closed","template":"","meta":{"jetpack_post_was_ever_published":false,"footnotes":""},"class_list":["post-102","page","type-page","status-publish","hentry"],"jetpack_sharing_enabled":true,"jetpack_shortlink":"https:\/\/wp.me\/P8OcP1-1E","_links":{"self":[{"href":"https:\/\/ekipage-1.se\/wp\/wp-json\/wp\/v2\/pages\/102","targetHints":{"allow":["GET"]}}],"collection":[{"href":"https:\/\/ekipage-1.se\/wp\/wp-json\/wp\/v2\/pages"}],"about":[{"href":"https:\/\/ekipage-1.se\/wp\/wp-json\/wp\/v2\/types\/page"}],"author":[{"embeddable":true,"href":"https:\/\/ekipage-1.se\/wp\/wp-json\/wp\/v2\/users\/1"}],"replies":[{"embeddable":true,"href":"https:\/\/ekipage-1.se\/wp\/wp-json\/wp\/v2\/comments?post=102"}],"version-history":[{"count":9,"href":"https:\/\/ekipage-1.se\/wp\/wp-json\/wp\/v2\/pages\/102\/revisions"}],"predecessor-version":[{"id":494,"href":"https:\/\/ekipage-1.se\/wp\/wp-json\/wp\/v2\/pages\/102\/revisions\/494"}],"up":[{"embeddable":true,"href":"https:\/\/ekipage-1.se\/wp\/wp-json\/wp\/v2\/pages\/69"}],"wp:attachment":[{"href":"https:\/\/ekipage-1.se\/wp\/wp-json\/wp\/v2\/media?parent=102"}],"curies":[{"name":"wp","href":"https:\/\/api.w.org\/{rel}","templated":true}]}}